{"id":100,"date":"2017-12-01T16:11:53","date_gmt":"2017-12-01T16:11:53","guid":{"rendered":"http:\/\/cellwall.usal.es\/?page_id=100"},"modified":"2026-03-11T11:53:11","modified_gmt":"2026-03-11T11:53:11","slug":"componentes","status":"publish","type":"page","link":"https:\/\/cellwall.usal.es\/en\/componentes\/","title":{"rendered":"Team"},"content":{"rendered":"<p><\/p>\n<h5><strong>Investigador responsable:<\/strong><\/h5>\n<p>Dra. Berta Dopico Rivela. Catedr\u00e1tica de Universidad del \u00e1rea de Fisiolog\u00eda Vegetal en la Universidad de Salamanca (Sexenios de Investigaci\u00f3n reconocidos: 6). ORCID 0000-0003-2296-4364; ResearcherID H-4047-2011.<\/p>\n<h5><strong>Investigadores:<\/strong><\/h5>\n<p>Dr. Jos\u00e9 Ignacio Mart\u00edn S\u00e1nchez. Profesor Titular de Universidad del \u00e1rea de Fisiolog\u00eda Vegetal en la Universidad de Salamanca (Sexenios de Investigaci\u00f3n reconocidos: 2). ORCID 0000-0002-5826-513X; ResearcherID B-4587-2017.<\/p>\n<p>Dra. Luc\u00eda Albornos Llorente. Profesora Permanente Laboral del \u00e1rea de Fisiolog\u00eda Vegetal en la Universidad de Salamanca. ORCID 0000-0003-0966-6346; ResearcherID B-4555-2017.<\/p>\n<p>Dra. Roc\u00edo Esteban Gallego. Profesora Titular de Universidad del \u00e1rea de Did\u00e1ctica de las Ciencias Experimentales en la Universidad de Salamanca.<\/p>\n<h5><strong>Colaboradores:<\/strong><\/h5>\n<p>Dra. Emilia Labrador Encinas. Catedr\u00e1tica de Universidad del \u00e1rea de Fisiolog\u00eda Vegetal en la Universidad de Salamanca (Sexenios de Investigaci\u00f3n reconocidos: 6). ORCID 0000-0002-5014-0365; ResearcherID B-4436-2017.<\/p>\n<p>Dra. Josefina Hern\u00e1ndez Nistal. Profesora Titular de Universidad del \u00e1rea de Fisiolog\u00eda Vegetal en la Universidad de Santiago de Compostela (Campus de Lugo) (Sexenios de Investigaci\u00f3n reconocidos: 4). ORCID 0000-0003-4365-7718; ResearcherID B-4491-2017.<\/p>\n<h5><strong>Investigador responsable:<\/strong><\/h5>\n<p>Dra. Berta Dopico Rivela. Catedr\u00e1tica de Universidad del \u00e1rea de Fisiolog\u00eda Vegetal en la Universidad de Salamanca (Sexenios de Investigaci\u00f3n reconocidos: 6). ORCID 0000-0003-2296-4364; ResearcherID H-4047-2011.<\/p>\n<h5><strong>Investigadores:<\/strong><\/h5>\n<p>Dr. Jos\u00e9 Ignacio Mart\u00edn S\u00e1nchez. Profesor Titular de Universidad del \u00e1rea de Fisiolog\u00eda Vegetal en la Universidad de Salamanca (Sexenios de Investigaci\u00f3n reconocidos: 3). ORCID 0000-0002-5862-513X; ResearcherID B-4587-2017.<\/p>\n<p>Dra. Luc\u00eda Albornos Llorente. Profesora Contratada Doctor del \u00e1rea de Fisiolog\u00eda Vegetal en la Universidad de Salamanca. ORCID 0000-0003-0966-6346; ResearcherID B-4555-2017.<\/p>\n<p>Dra. Roc\u00edo Esteban Gallego. Profesora Titular de Universidad del \u00e1rea de Did\u00e1ctica de las Ciencias Experimentales en la Universidad de Salamanca.<\/p>\n<h5><strong>Colaboradores:<\/strong><\/h5>\n<p>Dra. Emilia Labrador Encinas. Catedr\u00e1tica de Universidad del \u00e1rea de Fisiolog\u00eda Vegetal en la Universidad de Salamanca (Sexenios de Investigaci\u00f3n reconocidos: 6). ORCID 0000-0002-5014-0365; ResearcherID B-4436-2017.<\/p>\n<p>Dra. Josefina Hern\u00e1ndez Nistal. Profesora Titular de Universidad del \u00e1rea de Fisiolog\u00eda Vegetal en la Universidad de Santiago de Compostela (Campus de Lugo) (Sexenios de Investigaci\u00f3n reconocidos: 4). ORCID 0000-0003-4365-7718; ResearcherID B-4491-2017.<\/p>\n<h5><strong>Investigador responsable:<\/strong><\/h5>\n<p>Dra. Berta Dopico Rivela. Catedr\u00e1tica de Universidad del \u00e1rea de Fisiolog\u00eda Vegetal en la Universidad de Salamanca (Sexenios de Investigaci\u00f3n reconocidos: 6). ORCID 0000-0003-2296-4364; ResearcherID H-4047-2011.<\/p>\n<h5><strong>Investigadores:<\/strong><\/h5>\n<p>Dr. Jos\u00e9 Ignacio Mart\u00edn S\u00e1nchez. Profesor Titular de Universidad del \u00e1rea de Fisiolog\u00eda Vegetal en la Universidad de Salamanca (Sexenios de Investigaci\u00f3n reconocidos: 2). ORCID 0000-0002-5826-513X; ResearcherID B-4587-2017.<\/p>\n<p>Dra. Luc\u00eda Albornos Llorente. Profesora Contratada Doctor del \u00e1rea de Fisiolog\u00eda Vegetal en la Universidad de Salamanca. ORCID 0000-0003-0966-6346; ResearcherID B-4555-2017.<\/p>\n<p>Dra. Roc\u00edo Esteban Gallego. Profesora Ayudante Doctor del \u00e1rea de Did\u00e1ctica de las Ciencias Experimentales en la Universidad de Salamanca.<\/p>\n<h5><strong>Colaboradores:<\/strong><\/h5>\n<p>Dra. Emilia Labrador Encinas. Catedr\u00e1tica de Universidad del \u00e1rea de Fisiolog\u00eda Vegetal en la Universidad de Salamanca (Sexenios de Investigaci\u00f3n reconocidos: 6). ORCID 0000-0002-5014-0365; ResearcherID B-4436-2017.<\/p>\n<p>Dra. Josefina Hern\u00e1ndez Nistal. Profesora Titular de Universidad del \u00e1rea de Fisiolog\u00eda Vegetal en la Universidad de Santiago de Compostela (Campus de Lugo) (Sexenios de Investigaci\u00f3n reconocidos: 4). ORCID 0000-0003-4365-7718; ResearcherID B-4491-2017.<\/p>\n<p>&nbsp;<\/p>","protected":false},"excerpt":{"rendered":"<p>Investigador responsable: Dra. Berta Dopico Rivela. Catedr\u00e1tica de Universidad del \u00e1rea de Fisiolog\u00eda Vegetal en la Universidad de Salamanca (Sexenios de Investigaci\u00f3n reconocidos: 6). ORCID 0000-0003-2296-4364; ResearcherID H-4047-2011. Investigadores: Dr. Jos\u00e9 Ignacio Mart\u00edn S\u00e1nchez. Profesor Titular de Universidad del \u00e1rea de Fisiolog\u00eda Vegetal en la Universidad de Salamanca (Sexenios de Investigaci\u00f3n reconocidos: 2). ORCID 0000-0002-5826-513X; &hellip; <a href=\"https:\/\/cellwall.usal.es\/en\/componentes\/\" class=\"more-link\">Continue reading<span class=\"screen-reader-text\"> &#8220;Team&#8221;<\/span><\/a><\/p>\n","protected":false},"author":1,"featured_media":0,"parent":0,"menu_order":0,"comment_status":"closed","ping_status":"closed","template":"","meta":{"footnotes":""},"class_list":["post-100","page","type-page","status-publish","hentry"],"aioseo_notices":[],"_links":{"self":[{"href":"https:\/\/cellwall.usal.es\/en\/wp-json\/wp\/v2\/pages\/100","targetHints":{"allow":["GET"]}}],"collection":[{"href":"https:\/\/cellwall.usal.es\/en\/wp-json\/wp\/v2\/pages"}],"about":[{"href":"https:\/\/cellwall.usal.es\/en\/wp-json\/wp\/v2\/types\/page"}],"author":[{"embeddable":true,"href":"https:\/\/cellwall.usal.es\/en\/wp-json\/wp\/v2\/users\/1"}],"replies":[{"embeddable":true,"href":"https:\/\/cellwall.usal.es\/en\/wp-json\/wp\/v2\/comments?post=100"}],"version-history":[{"count":31,"href":"https:\/\/cellwall.usal.es\/en\/wp-json\/wp\/v2\/pages\/100\/revisions"}],"predecessor-version":[{"id":288,"href":"https:\/\/cellwall.usal.es\/en\/wp-json\/wp\/v2\/pages\/100\/revisions\/288"}],"wp:attachment":[{"href":"https:\/\/cellwall.usal.es\/en\/wp-json\/wp\/v2\/media?parent=100"}],"curies":[{"name":"wp","href":"https:\/\/api.w.org\/{rel}","templated":true}]}}