{"id":102,"date":"2017-12-01T16:13:11","date_gmt":"2017-12-01T16:13:11","guid":{"rendered":"http:\/\/cellwall.usal.es\/?page_id=102"},"modified":"2025-09-10T13:07:11","modified_gmt":"2025-09-10T13:07:11","slug":"contacto","status":"publish","type":"page","link":"https:\/\/cellwall.usal.es\/en\/contacto\/","title":{"rendered":"Contact"},"content":{"rendered":"<p>The researchers of this group work in the Institute of Agrobiotechnology (CIALE, <a href=\"http:\/\/ciale.usal.es\">http:\/\/ciale.usal.es<\/a>) of the University of Salamanca<\/p>\n<p><strong>RESEARCHES<\/strong><\/p>\n<p><strong>Department of Botany and Plant Physiology<\/strong> of the Faculty of Biology. Postal address: Campus Miguel de Unamuno. C\/ Licenciado M\u00e9ndez Nieto s\/n, Edificio de la Facultad de Farmacia, primera planta. 37007-Salamanca (Spain)<\/p>\n<p>Dra. Berta Dopico Rivela, <a href=\"mailto:bdr@usal.es\">bdr@usal.es<\/a>. Phone +34 923294471<\/p>\n<p>Dr. Jos\u00e9 Ignacio Mart\u00edn S\u00e1nchez, <a href=\"mailto:a56562@usal.es\">a56562@usal.es<\/a>. Phone +34 923294500 ext. 6731<\/p>\n<p>Dra. Luc\u00eda Albornos LLorente, <a href=\"mailto:labrador@usal.es\">lucialbornos@usal.es<\/a>. Phone +34 923294500 ext. 6732<\/p>\n<p><strong>Department of Didactics of Mathematics and Experimental Sciences<\/strong> of the Faculty of Education. Postal address: Facultad de Educaci\u00f3n, Edificio Europa, Paseo de Canalejas, 169, 37008-Salamanca (Spain)<\/p>\n<p>Dra. Roc\u00edo Esteban Gallego, <a href=\"mailto:rocioesteban@usal.es\">rocioesteban@usal.es<\/a>. Phone +34 923294500 ext. 3361<\/p>\n<p><strong>\u00a0COLLABORATORS<\/strong><\/p>\n<p>Dra. Emilia labrador Encinas, <a href=\"mailto:labrador@usal.es\">labrador@usal.es<\/a>.<\/p>\n<p>Dra. Josefina Hern\u00e1ndez Nistal, <a href=\"mailto:josefina.hern\u00e1ndez@usc.es\">josefina.hern\u00e1ndez@usc.es<\/a><\/p>\n<p>&nbsp;The researchers of this group work in the Institute of Agrobiotechnology (CIALE, <a href=\"http:\/\/ciale.usal.es\">http:\/\/ciale.usal.es<\/a>) of the University of Salamanca<\/p>\n<p><strong>RESEARCHES<\/strong><\/p>\n<p><strong>Department of Botany and Plant Physiology<\/strong> of the Faculty of Biology. Postal address: Campus Miguel de Unamuno. C\/ Licenciado M\u00e9ndez Nieto s\/n, Edificio de la Facultad de Farmacia, primera planta. 37007-Salamanca (Spain)<\/p>\n<p>Dra. Berta Dopico Rivela, <a href=\"mailto:bdr@usal.es\">bdr@usal.es<\/a>. Phone +34 923294471<\/p>\n<p>Dr. Jos\u00e9 Ignacio Mart\u00edn S\u00e1nchez, <a href=\"mailto:a56562@usal.es\">a56562@usal.es<\/a>. Phone +34 923294471<\/p>\n<p>Dra. Luc\u00eda Albornos LLorente, <a href=\"mailto:labrador@usal.es\">lucialbornos@usal.es<\/a>. Phone +34 923294471<\/p>\n<p><strong>Department of Didactics of Mathematics and Experimental Sciences<\/strong> of the Faculty of Education. Postal address: Facultad de Educaci\u00f3n, Edificio Europa, Paseo de Canalejas, 169, 37008-Salamanca (Spain)<\/p>\n<p>Dra. Roc\u00edo Esteban Gallego, <a href=\"mailto:rocioesteban@usal.es\">rocioesteban@usal.es<\/a>. Phone +34 923294500 ext. 3361<\/p>\n<p><strong>\u00a0COLLABORATORS<\/strong><\/p>\n<p>Dra. Emilia labrador Encinas, <a href=\"mailto:labrador@usal.es\">labrador@usal.es<\/a>.<\/p>\n<p>Dra. Josefina Hern\u00e1ndez Nistal, <a href=\"mailto:josefina.hern\u00e1ndez@usc.es\">josefina.hern\u00e1ndez@usc.es<\/a><\/p>\n<p>&nbsp;<\/p>","protected":false},"excerpt":{"rendered":"<p>The researchers of this group work in the Institute of Agrobiotechnology (CIALE, http:\/\/ciale.usal.es) of the University of Salamanca RESEARCHES Department of Botany and Plant Physiology of the Faculty of Biology. Postal address: Campus Miguel de Unamuno. C\/ Licenciado M\u00e9ndez Nieto s\/n, Edificio de la Facultad de Farmacia, primera planta. 37007-Salamanca (Spain) Dra. Berta Dopico Rivela, &hellip; <a href=\"https:\/\/cellwall.usal.es\/en\/contacto\/\" class=\"more-link\">Continue reading<span class=\"screen-reader-text\"> &#8220;Contact&#8221;<\/span><\/a><\/p>\n","protected":false},"author":1,"featured_media":0,"parent":0,"menu_order":0,"comment_status":"closed","ping_status":"closed","template":"","meta":{"footnotes":""},"class_list":["post-102","page","type-page","status-publish","hentry"],"aioseo_notices":[],"_links":{"self":[{"href":"https:\/\/cellwall.usal.es\/en\/wp-json\/wp\/v2\/pages\/102","targetHints":{"allow":["GET"]}}],"collection":[{"href":"https:\/\/cellwall.usal.es\/en\/wp-json\/wp\/v2\/pages"}],"about":[{"href":"https:\/\/cellwall.usal.es\/en\/wp-json\/wp\/v2\/types\/page"}],"author":[{"embeddable":true,"href":"https:\/\/cellwall.usal.es\/en\/wp-json\/wp\/v2\/users\/1"}],"replies":[{"embeddable":true,"href":"https:\/\/cellwall.usal.es\/en\/wp-json\/wp\/v2\/comments?post=102"}],"version-history":[{"count":14,"href":"https:\/\/cellwall.usal.es\/en\/wp-json\/wp\/v2\/pages\/102\/revisions"}],"predecessor-version":[{"id":284,"href":"https:\/\/cellwall.usal.es\/en\/wp-json\/wp\/v2\/pages\/102\/revisions\/284"}],"wp:attachment":[{"href":"https:\/\/cellwall.usal.es\/en\/wp-json\/wp\/v2\/media?parent=102"}],"curies":[{"name":"wp","href":"https:\/\/api.w.org\/{rel}","templated":true}]}}