{"id":114,"date":"2017-12-01T16:18:22","date_gmt":"2017-12-01T16:18:22","guid":{"rendered":"http:\/\/cellwall.usal.es\/?page_id=114"},"modified":"2024-05-03T14:31:43","modified_gmt":"2024-05-03T14:31:43","slug":"proyectos","status":"publish","type":"page","link":"https:\/\/cellwall.usal.es\/en\/proyectos\/","title":{"rendered":"Funding"},"content":{"rendered":"<p><\/p>\n<ul>\n<li>Estudio de la funci\u00f3n de la prote\u00edna SST de <em>Arabidopsis thaliana<\/em>.<\/li>\n<\/ul>\n<p style=\"padding-left: 30px;\">Main researcher: Berta Dopico. Number of researchers: 3<\/p>\n<p style=\"padding-left: 30px;\">Financing entity: Fundaci\u00f3n &#8220;Memoria de D. Samuel Sol\u00f3rzano Barruso&#8221; (Spain)<\/p>\n<p style=\"padding-left: 30px;\">Period: 01\/01\/2019-31\/12\/2019<\/p>\n<ul>\n<li><span id=\"result_box\" class=\"\" lang=\"en\"><span class=\"\">Remodeling of cell walls by the action of \u03b2-galactosidases during plant development.<\/span><\/span><\/li>\n<\/ul>\n<p style=\"padding-left: 30px;\">Main researcher: Emilia Labrador. Number of researchers: 4<\/p>\n<p style=\"padding-left: 30px;\">Financing entity: Junta de Castilla y Le\u00f3n (Spain). Reference: SA027G18<\/p>\n<p style=\"padding-left: 30px;\">Period: 01\/01\/2018-31\/12\/2020<\/p>\n<ul>\n<li>\n<div id=\"gt-res-data\">\n<div id=\"gt-res-wrap\">\n<div id=\"gt-res-content\">\n<div id=\"gt-res-dir-ctr\" class=\"trans-verified-button-small\" dir=\"ltr\"><span id=\"result_box\" class=\"\" lang=\"en\"><span class=\"\">Functional analysis of \u03b2-galactosidases and ST proteins in plant development<\/span><\/span><\/div>\n<\/div>\n<\/div>\n<\/div>\n<\/li>\n<\/ul>\n<p style=\"padding-left: 30px;\">Main researchers: Emilia Labrador and Berta Dopico.<\/p>\n<p style=\"padding-left: 30px;\">Financing entity: MINECO (Spain). Reference: BFU2013-44793-P<\/p>\n<p style=\"padding-left: 30px;\">Period: 01\/01\/2014-31\/12\/2017<\/p>\n<ul>\n<li><span id=\"result_box\" class=\"\" lang=\"en\"><span class=\"\">Functional analysis of cell wall\u00a0 \u03b2-galactosidases<\/span><\/span><\/li>\n<\/ul>\n<p style=\"padding-left: 30px;\">Main researcher: Berta Dopico. Number of researchers: 5<\/p>\n<p style=\"padding-left: 30px;\">Financing entity: MICINN (Spain). Reference: BFU2009-08769<\/p>\n<p style=\"padding-left: 30px;\">Period: 01\/01\/2010-31\/12\/2013<\/p>\n<ul>\n<li><span id=\"result_box\" class=\"\" lang=\"en\"><span class=\"\">Role of chickpea ST proteins in plant development and in biotic interactions<\/span><\/span><\/li>\n<\/ul>\n<p style=\"padding-left: 30px;\">Main researcher: Berta Dopico. Number of researchers: 4<\/p>\n<p style=\"padding-left: 30px;\">Financing entity: Junta de Castilla y Le\u00f3n (Spain). Reference: SA023A10-2<\/p>\n<p style=\"padding-left: 30px;\">Period: 01\/01\/2010-31\/12\/2012<\/p>\n<p><\/p>\n<ul>\n<li>Estudio de la funci\u00f3n de la prote\u00edna SST de <em>Arabidopsis thaliana<\/em>.<\/li>\n<\/ul>\n<p style=\"padding-left: 30px;\">Main researcher: Berta Dopico. Number of researchers: 3<\/p>\n<p style=\"padding-left: 30px;\">Financing entity: Fundaci\u00f3n &#8220;Memoria de D. Samuel Sol\u00f3rzano Barruso&#8221; (Spain)<\/p>\n<p style=\"padding-left: 30px;\">Period: 01\/01\/2019-31\/12\/2019<\/p>\n<ul>\n<li><span id=\"result_box\" class=\"\" lang=\"en\"><span class=\"\">Remodeling of cell walls by the action of \u03b2-galactosidases during plant development.<\/span><\/span><\/li>\n<\/ul>\n<p style=\"padding-left: 30px;\">Main researcher: Emilia Labrador. Number of researchers: 4<\/p>\n<p style=\"padding-left: 30px;\">Financing entity: Junta de Castilla y Le\u00f3n (Spain). Reference: SA027G18<\/p>\n<p style=\"padding-left: 30px;\">Period: 01\/01\/2018-31\/12\/2020<\/p>\n<ul>\n<li>\n<div id=\"gt-res-data\">\n<div id=\"gt-res-wrap\">\n<div id=\"gt-res-content\">\n<div id=\"gt-res-dir-ctr\" class=\"trans-verified-button-small\" dir=\"ltr\"><span id=\"result_box\" class=\"\" lang=\"en\"><span class=\"\">Functional analysis of \u03b2-galactosidases and ST proteins in plant development<\/span><\/span><\/div>\n<\/div>\n<\/div>\n<\/div>\n<\/li>\n<\/ul>\n<p style=\"padding-left: 30px;\">Main researchers: Emilia Labrador and Berta Dopico.<\/p>\n<p style=\"padding-left: 30px;\">Financing entity: MINECO (Spain). Reference: BFU2013-44793-P<\/p>\n<p style=\"padding-left: 30px;\">Period: 01\/01\/2014-31\/12\/2017<\/p>\n<ul>\n<li><span id=\"result_box\" class=\"\" lang=\"en\"><span class=\"\">Functional analysis of cell wall\u00a0 \u03b2-galactosidases<\/span><\/span><\/li>\n<\/ul>\n<p style=\"padding-left: 30px;\">Main researcher: Berta Dopico. Number of researchers: 5<\/p>\n<p style=\"padding-left: 30px;\">Financing entity: MICINN (Spain). Reference: BFU2009-08769<\/p>\n<p style=\"padding-left: 30px;\">Period: 01\/01\/2010-31\/12\/2013<\/p>\n<ul>\n<li><span id=\"result_box\" class=\"\" lang=\"en\"><span class=\"\">Role of chickpea ST proteins in plant development and in biotic interactions<\/span><\/span><\/li>\n<\/ul>\n<p style=\"padding-left: 30px;\">Main researcher: Berta Dopico. Number of researchers: 4<\/p>\n<p style=\"padding-left: 30px;\">Financing entity: Junta de Castilla y Le\u00f3n (Spain). Reference: SA023A10-2<\/p>\n<p style=\"padding-left: 30px;\">Period: 01\/01\/2010-31\/12\/2012<\/p>\n<p><\/p>\n<ul>\n<li>Estudio de la funci\u00f3n de la prote\u00edna SST de <em>Arabidopsis thaliana<\/em>.<\/li>\n<\/ul>\n<p style=\"padding-left: 30px;\">Main researcher: Berta Dopico. Number of researchers: 3<\/p>\n<p style=\"padding-left: 30px;\">Financing entity: Fundaci\u00f3n &#8220;Memoria de D. Samuel Sol\u00f3rzano Barruso&#8221; (Spain)<\/p>\n<p style=\"padding-left: 30px;\">Period: 01\/01\/2019-31\/12\/2019<\/p>\n<ul>\n<li><span id=\"result_box\" class=\"\" lang=\"en\"><span class=\"\">Remodeling of cell walls by the action of \u03b2-galactosidases during plant development.<\/span><\/span><\/li>\n<\/ul>\n<p style=\"padding-left: 30px;\">Main researcher: Emilia Labrador. Number of researchers: 4<\/p>\n<p style=\"padding-left: 30px;\">Financing entity: Junta de Castilla y Le\u00f3n (Spain). Reference: SA027G18<\/p>\n<p style=\"padding-left: 30px;\">Period: 01\/01\/2018-31\/12\/2020<\/p>\n<ul>\n<li>\n<div id=\"gt-res-data\">\n<div id=\"gt-res-wrap\">\n<div id=\"gt-res-content\">\n<div id=\"gt-res-dir-ctr\" class=\"trans-verified-button-small\" dir=\"ltr\"><span id=\"result_box\" class=\"\" lang=\"en\"><span class=\"\">Functional analysis of \u03b2-galactosidases and ST proteins in plant development<\/span><\/span><\/div>\n<\/div>\n<\/div>\n<\/div>\n<\/li>\n<\/ul>\n<p style=\"padding-left: 30px;\">Main researchers: Emilia Labrador and Berta Dopico.<\/p>\n<p style=\"padding-left: 30px;\">Financing entity: MINECO (Spain). Reference: BFU2013-44793-P<\/p>\n<p style=\"padding-left: 30px;\">Period: 01\/01\/2014-31\/12\/2017<\/p>\n<ul>\n<li><span id=\"result_box\" class=\"\" lang=\"en\"><span class=\"\">Functional analysis of cell wall\u00a0 \u03b2-galactosidases<\/span><\/span><\/li>\n<\/ul>\n<p style=\"padding-left: 30px;\">Main researcher: Berta Dopico. Number of researchers: 5<\/p>\n<p style=\"padding-left: 30px;\">Financing entity: MICINN (Spain). Reference: BFU2009-08769<\/p>\n<p style=\"padding-left: 30px;\">Period: 01\/01\/2010-31\/12\/2013<\/p>\n<ul>\n<li><span id=\"result_box\" class=\"\" lang=\"en\"><span class=\"\">Role of chickpea ST proteins in plant development and in biotic interactions<\/span><\/span><\/li>\n<\/ul>\n<p style=\"padding-left: 30px;\">Main researcher: Berta Dopico. Number of researchers: 4<\/p>\n<p style=\"padding-left: 30px;\">Financing entity: Junta de Castilla y Le\u00f3n (Spain). Reference: SA023A10-2<\/p>\n<p style=\"padding-left: 30px;\">Period: 01\/01\/2010-31\/12\/2012<\/p>\n<p>&nbsp;<\/p>\n<ul>\n<li>Estudio de la funci\u00f3n de la prote\u00edna SST de <em>Arabidopsis thaliana<\/em>.<\/li>\n<\/ul>\n<p style=\"padding-left: 30px;\">Main researcher: Berta Dopico. Number of researchers: 3<\/p>\n<p style=\"padding-left: 30px;\">Financing entity: Fundaci\u00f3n &#8220;Memoria de D. Samuel Sol\u00f3rzano Barruso&#8221; (Spain)<\/p>\n<p style=\"padding-left: 30px;\">Period: 01\/01\/2019-31\/12\/2019<\/p>\n<ul>\n<li><span id=\"result_box\" class=\"\" lang=\"en\"><span class=\"\">Remodeling of cell walls by the action of \u03b2-galactosidases during plant development.<\/span><\/span><\/li>\n<\/ul>\n<p style=\"padding-left: 30px;\">Main researcher: Emilia Labrador. Number of researchers: 4<\/p>\n<p style=\"padding-left: 30px;\">Financing entity: Junta de Castilla y Le\u00f3n (Spain). Reference: SA027G18<\/p>\n<p style=\"padding-left: 30px;\">Period: 01\/01\/2018-31\/12\/2020<\/p>\n<ul>\n<li>\n<div id=\"gt-res-data\">\n<div id=\"gt-res-wrap\">\n<div id=\"gt-res-content\">\n<div id=\"gt-res-dir-ctr\" class=\"trans-verified-button-small\" dir=\"ltr\"><span id=\"result_box\" class=\"\" lang=\"en\"><span class=\"\">Functional analysis of \u03b2-galactosidases and ST proteins in plant development<\/span><\/span><\/div>\n<\/div>\n<\/div>\n<\/div>\n<\/li>\n<\/ul>\n<p style=\"padding-left: 30px;\">Main researchers: Emilia Labrador and Berta Dopico.<\/p>\n<p style=\"padding-left: 30px;\">Financing entity: MINECO (Spain). Reference: BFU2013-44793-P<\/p>\n<p style=\"padding-left: 30px;\">Period: 01\/01\/2014-31\/12\/2017<\/p>\n<ul>\n<li><span id=\"result_box\" class=\"\" lang=\"en\"><span class=\"\">Functional analysis of cell wall\u00a0 \u03b2-galactosidases<\/span><\/span><\/li>\n<\/ul>\n<p style=\"padding-left: 30px;\">Main researcher: Berta Dopico. Number of researchers: 5<\/p>\n<p style=\"padding-left: 30px;\">Financing entity: MICINN (Spain). Reference: BFU2009-08769<\/p>\n<p style=\"padding-left: 30px;\">Period: 01\/01\/2010-31\/12\/2013<\/p>\n<ul>\n<li><span id=\"result_box\" class=\"\" lang=\"en\"><span class=\"\">Role of chickpea ST proteins in plant development and in biotic interactions<\/span><\/span><\/li>\n<\/ul>\n<p style=\"padding-left: 30px;\">Main researcher: Berta Dopico. Number of researchers: 4<\/p>\n<p style=\"padding-left: 30px;\">Financing entity: Junta de Castilla y Le\u00f3n (Spain). Reference: SA023A10-2<\/p>\n<p style=\"padding-left: 30px;\">Period: 01\/01\/2010-31\/12\/2012<\/p>\n<p><\/p>\n<ul>\n<li>Estudio de la funci\u00f3n de la prote\u00edna SST de <em>Arabidopsis thaliana<\/em>.<\/li>\n<\/ul>\n<p style=\"padding-left: 30px;\">Main researcher: Berta Dopico. Number of researchers: 3<\/p>\n<p style=\"padding-left: 30px;\">Financing entity: Fundaci\u00f3n &#8220;Memoria de D. Samuel Sol\u00f3rzano Barruso&#8221; (Spain)<\/p>\n<p style=\"padding-left: 30px;\">Period: 01\/01\/2019-31\/12\/2019<\/p>\n<ul>\n<li><span id=\"result_box\" class=\"\" lang=\"en\"><span class=\"\">Remodeling of cell walls by the action of \u03b2-galactosidases during plant development.<\/span><\/span><\/li>\n<\/ul>\n<p style=\"padding-left: 30px;\">Main researcher: Emilia Labrador. Number of researchers: 4<\/p>\n<p style=\"padding-left: 30px;\">Financing entity: Junta de Castilla y Le\u00f3n (Spain). Reference: SA027G18<\/p>\n<p style=\"padding-left: 30px;\">Period: 01\/01\/2018-31\/12\/2020<\/p>\n<ul>\n<li>\n<div id=\"gt-res-data\">\n<div id=\"gt-res-wrap\">\n<div id=\"gt-res-content\">\n<div id=\"gt-res-dir-ctr\" class=\"trans-verified-button-small\" dir=\"ltr\"><span id=\"result_box\" class=\"\" lang=\"en\"><span class=\"\">Functional analysis of \u03b2-galactosidases and ST proteins in plant development<\/span><\/span><\/div>\n<\/div>\n<\/div>\n<\/div>\n<\/li>\n<\/ul>\n<p style=\"padding-left: 30px;\">Main researchers: Emilia Labrador and Berta Dopico.<\/p>\n<p style=\"padding-left: 30px;\">Financing entity: MINECO (Spain). Reference: BFU2013-44793-P<\/p>\n<p style=\"padding-left: 30px;\">Period: 01\/01\/2014-31\/12\/2017<\/p>\n<ul>\n<li><span id=\"result_box\" class=\"\" lang=\"en\"><span class=\"\">Functional analysis of cell wall\u00a0 \u03b2-galactosidases<\/span><\/span><\/li>\n<\/ul>\n<p style=\"padding-left: 30px;\">Main researcher: Berta Dopico. Number of researchers: 5<\/p>\n<p style=\"padding-left: 30px;\">Financing entity: MICINN (Spain). Reference: BFU2009-08769<\/p>\n<p style=\"padding-left: 30px;\">Period: 01\/01\/2010-31\/12\/2013<\/p>\n<ul>\n<li><span id=\"result_box\" class=\"\" lang=\"en\"><span class=\"\">Role of chickpea ST proteins in plant development and in biotic interactions<\/span><\/span><\/li>\n<\/ul>\n<p style=\"padding-left: 30px;\">Main researcher: Berta Dopico. Number of researchers: 4<\/p>\n<p style=\"padding-left: 30px;\">Financing entity: Junta de Castilla y Le\u00f3n (Spain). Reference: SA023A10-2<\/p>\n<p style=\"padding-left: 30px;\">Period: 01\/01\/2010-31\/12\/2012<\/p>\n<ul>\n<li>Estudio de la funci\u00f3n de la prote\u00edna SST de <em>Arabidopsis thaliana<\/em>.<\/li>\n<\/ul>\n<p style=\"padding-left: 30px;\">Main researcher: Berta Dopico. Number of researchers: 3<\/p>\n<p style=\"padding-left: 30px;\">Financing entity: Fundaci\u00f3n &#8220;Memoria de D. Samuel Sol\u00f3rzano Barruso&#8221; (Spain)<\/p>\n<p style=\"padding-left: 30px;\">Period: 01\/01\/2019-31\/12\/2019<\/p>\n<ul>\n<li><span id=\"result_box\" class=\"\" lang=\"en\"><span class=\"\">Remodeling of cell walls by the action of \u03b2-galactosidases during plant development.<\/span><\/span><\/li>\n<\/ul>\n<p style=\"padding-left: 30px;\">Main researcher: Emilia Labrador. Number of researchers: 4<\/p>\n<p style=\"padding-left: 30px;\">Financing entity: Junta de Castilla y Le\u00f3n (Spain). Reference: SA027G18<\/p>\n<p style=\"padding-left: 30px;\">Period: 01\/01\/2018-31\/12\/2020<\/p>\n<ul>\n<li>\n<div id=\"gt-res-data\">\n<div id=\"gt-res-wrap\">\n<div id=\"gt-res-content\">\n<div id=\"gt-res-dir-ctr\" class=\"trans-verified-button-small\" dir=\"ltr\"><span id=\"result_box\" class=\"\" lang=\"en\"><span class=\"\">Functional analysis of \u03b2-galactosidases and ST proteins in plant development<\/span><\/span><\/div>\n<\/div>\n<\/div>\n<\/div>\n<\/li>\n<\/ul>\n<p style=\"padding-left: 30px;\">Main researchers: Emilia Labrador and Berta Dopico.<\/p>\n<p style=\"padding-left: 30px;\">Financing entity: MINECO (Spain). Reference: BFU2013-44793-P<\/p>\n<p style=\"padding-left: 30px;\">Period: 01\/01\/2014-31\/12\/2017<\/p>\n<ul>\n<li><span id=\"result_box\" class=\"\" lang=\"en\"><span class=\"\">Functional analysis of cell wall\u00a0 \u03b2-galactosidases<\/span><\/span><\/li>\n<\/ul>\n<p style=\"padding-left: 30px;\">Main researcher: Berta Dopico. Number of researchers: 5<\/p>\n<p style=\"padding-left: 30px;\">Financing entity: MICINN (Spain). Reference: BFU2009-08769<\/p>\n<p style=\"padding-left: 30px;\">Period: 01\/01\/2010-31\/12\/2013<\/p>\n<ul>\n<li><span id=\"result_box\" class=\"\" lang=\"en\"><span class=\"\">Role of chickpea ST proteins in plant development and in biotic interactions<\/span><\/span><\/li>\n<\/ul>\n<p style=\"padding-left: 30px;\">Main researcher: Berta Dopico. Number of researchers: 4<\/p>\n<p style=\"padding-left: 30px;\">Financing entity: Junta de Castilla y Le\u00f3n (Spain). Reference: SA023A10-2<\/p>\n<p style=\"padding-left: 30px;\">Period: 01\/01\/2010-31\/12\/2012<\/p>\n<ul>\n<li>Estudio de la funci\u00f3n de la prote\u00edna SST de <em>Arabidopsis thaliana<\/em>.<\/li>\n<\/ul>\n<p style=\"padding-left: 30px;\">Main researcher: Berta Dopico. Number of researchers: 3<\/p>\n<p style=\"padding-left: 30px;\">Financing entity: Fundaci\u00f3n &#8220;Memoria de D. Samuel Sol\u00f3rzano Barruso&#8221; (Spain)<\/p>\n<p style=\"padding-left: 30px;\">Period: 01\/01\/2019-31\/12\/2019<\/p>\n<ul>\n<li><span id=\"result_box\" class=\"\" lang=\"en\"><span class=\"\">Remodeling of cell walls by the action of \u03b2-galactosidases during plant development.<\/span><\/span><\/li>\n<\/ul>\n<p style=\"padding-left: 30px;\">Main researcher: Emilia Labrador. Number of researchers: 4<\/p>\n<p style=\"padding-left: 30px;\">Financing entity: Junta de Castilla y Le\u00f3n (Spain). Reference: SA027G18<\/p>\n<p style=\"padding-left: 30px;\">Period: 01\/01\/2018-31\/12\/2020<\/p>\n<ul>\n<li>\n<div id=\"gt-res-data\">\n<div id=\"gt-res-wrap\">\n<div id=\"gt-res-content\">\n<div id=\"gt-res-dir-ctr\" class=\"trans-verified-button-small\" dir=\"ltr\"><span id=\"result_box\" class=\"\" lang=\"en\"><span class=\"\">Functional analysis of \u03b2-galactosidases and ST proteins in plant development<\/span><\/span><\/div>\n<\/div>\n<\/div>\n<\/div>\n<\/li>\n<\/ul>\n<p style=\"padding-left: 30px;\">Main researchers: Emilia Labrador and Berta Dopico.<\/p>\n<p style=\"padding-left: 30px;\">Financing entity: MINECO (Spain). Reference: BFU2013-44793-P<\/p>\n<p style=\"padding-left: 30px;\">Period: 01\/01\/2014-31\/12\/2017<\/p>\n<ul>\n<li><span id=\"result_box\" class=\"\" lang=\"en\"><span class=\"\">Functional analysis of cell wall\u00a0 \u03b2-galactosidases<\/span><\/span><\/li>\n<\/ul>\n<p style=\"padding-left: 30px;\">Main researcher: Berta Dopico. Number of researchers: 5<\/p>\n<p style=\"padding-left: 30px;\">Financing entity: MICINN (Spain). Reference: BFU2009-08769<\/p>\n<p style=\"padding-left: 30px;\">Period: 01\/01\/2010-31\/12\/2013<\/p>\n<ul>\n<li><span id=\"result_box\" class=\"\" lang=\"en\"><span class=\"\">Role of chickpea ST proteins in plant development and in biotic interactions<\/span><\/span><\/li>\n<\/ul>\n<p style=\"padding-left: 30px;\">Main researcher: Berta Dopico. Number of researchers: 4<\/p>\n<p style=\"padding-left: 30px;\">Financing entity: Junta de Castilla y Le\u00f3n (Spain). Reference: SA023A10-2<\/p>\n<p style=\"padding-left: 30px;\">Period: 01\/01\/2010-31\/12\/2012<\/p>\n<p>&nbsp;<\/p>\n<ul>\n<li>Estudio de la funci\u00f3n de la prote\u00edna SST de <em>Arabidopsis thaliana<\/em>.<\/li>\n<\/ul>\n<p style=\"padding-left: 30px\">Main researcher: Berta Dopico. Number of researchers: 3<\/p>\n<p style=\"padding-left: 30px\">Financing entity: Fundaci\u00f3n &#8220;Memoria de D. Samuel Sol\u00f3rzano Barruso&#8221; (Spain)<\/p>\n<p style=\"padding-left: 30px\">Period: 01\/01\/2019-31\/12\/2019<\/p>\n<ul>\n<li><span id=\"result_box\" class=\"\" lang=\"en\"><span class=\"\">Remodeling of cell walls by the action of \u03b2-galactosidases during plant development.<\/span><\/span><\/li>\n<\/ul>\n<p style=\"padding-left: 30px\">Main researcher: Emilia Labrador. Number of researchers: 4<\/p>\n<p style=\"padding-left: 30px\">Financing entity: Junta de Castilla y Le\u00f3n (Spain). Reference: SA027G18<\/p>\n<p style=\"padding-left: 30px\">Period: 01\/01\/2018-31\/12\/2020<\/p>\n<ul>\n<li>\n<div id=\"gt-res-data\">\n<div id=\"gt-res-wrap\">\n<div id=\"gt-res-content\">\n<div id=\"gt-res-dir-ctr\" class=\"trans-verified-button-small\" dir=\"ltr\"><span id=\"result_box\" class=\"\" lang=\"en\"><span class=\"\">Functional analysis of \u03b2-galactosidases and ST proteins in plant development<\/span><\/span><\/div>\n<\/div>\n<\/div>\n<\/div>\n<\/li>\n<\/ul>\n<p style=\"padding-left: 30px\">Main researchers: Emilia Labrador and Berta Dopico.<\/p>\n<p style=\"padding-left: 30px\">Financing entity: MINECO (Spain). Reference: BFU2013-44793-P<\/p>\n<p style=\"padding-left: 30px\">Period: 01\/01\/2014-31\/12\/2017<\/p>\n<ul>\n<li><span id=\"result_box\" class=\"\" lang=\"en\"><span class=\"\">Functional analysis of cell wall\u00a0 \u03b2-galactosidases<\/span><\/span><\/li>\n<\/ul>\n<p style=\"padding-left: 30px\">Main researcher: Berta Dopico. Number of researchers: 5<\/p>\n<p style=\"padding-left: 30px\">Financing entity: MICINN (Spain). Reference: BFU2009-08769<\/p>\n<p style=\"padding-left: 30px\">Period: 01\/01\/2010-31\/12\/2013<\/p>\n<ul>\n<li><span id=\"result_box\" class=\"\" lang=\"en\"><span class=\"\">Role of chickpea ST proteins in plant development and in biotic interactions<\/span><\/span><\/li>\n<\/ul>\n<p style=\"padding-left: 30px\">Main researcher: Berta Dopico. Number of researchers: 4<\/p>\n<p style=\"padding-left: 30px\">Financing entity: Junta de Castilla y Le\u00f3n (Spain). Reference: SA023A10-2<\/p>\n<p style=\"padding-left: 30px\">Period: 01\/01\/2010-31\/12\/2012<\/p>\n<p style=\"padding-left: 30px\">\n<p><\/p>","protected":false},"excerpt":{"rendered":"<p>Estudio de la funci\u00f3n de la prote\u00edna SST de Arabidopsis thaliana. Main researcher: Berta Dopico. Number of researchers: 3 Financing entity: Fundaci\u00f3n &#8220;Memoria de D. Samuel Sol\u00f3rzano Barruso&#8221; (Spain) Period: 01\/01\/2019-31\/12\/2019 Remodeling of cell walls by the action of \u03b2-galactosidases during plant development. Main researcher: Emilia Labrador. Number of researchers: 4 Financing entity: Junta de &hellip; <a href=\"https:\/\/cellwall.usal.es\/en\/proyectos\/\" class=\"more-link\">Continue reading<span class=\"screen-reader-text\"> &#8220;Funding&#8221;<\/span><\/a><\/p>\n","protected":false},"author":1,"featured_media":0,"parent":0,"menu_order":0,"comment_status":"closed","ping_status":"closed","template":"","meta":{"footnotes":""},"class_list":["post-114","page","type-page","status-publish","hentry"],"aioseo_notices":[],"_links":{"self":[{"href":"https:\/\/cellwall.usal.es\/en\/wp-json\/wp\/v2\/pages\/114","targetHints":{"allow":["GET"]}}],"collection":[{"href":"https:\/\/cellwall.usal.es\/en\/wp-json\/wp\/v2\/pages"}],"about":[{"href":"https:\/\/cellwall.usal.es\/en\/wp-json\/wp\/v2\/types\/page"}],"author":[{"embeddable":true,"href":"https:\/\/cellwall.usal.es\/en\/wp-json\/wp\/v2\/users\/1"}],"replies":[{"embeddable":true,"href":"https:\/\/cellwall.usal.es\/en\/wp-json\/wp\/v2\/comments?post=114"}],"version-history":[{"count":19,"href":"https:\/\/cellwall.usal.es\/en\/wp-json\/wp\/v2\/pages\/114\/revisions"}],"predecessor-version":[{"id":273,"href":"https:\/\/cellwall.usal.es\/en\/wp-json\/wp\/v2\/pages\/114\/revisions\/273"}],"wp:attachment":[{"href":"https:\/\/cellwall.usal.es\/en\/wp-json\/wp\/v2\/media?parent=114"}],"curies":[{"name":"wp","href":"https:\/\/api.w.org\/{rel}","templated":true}]}}