{"id":118,"date":"2017-12-01T16:20:49","date_gmt":"2017-12-01T16:20:49","guid":{"rendered":"http:\/\/cellwall.usal.es\/?page_id=118"},"modified":"2019-09-26T11:14:52","modified_gmt":"2019-09-26T11:14:52","slug":"tesis-doctorales","status":"publish","type":"page","link":"https:\/\/cellwall.usal.es\/en\/tesis-doctorales\/","title":{"rendered":"Supervised PhD Thesis"},"content":{"rendered":"<p><\/p>\n<h6>Dra. Mar\u00eda Moneo S\u00e1nchez. 2016.<\/h6>\n<p>Functional analyses of two \u03b2-galactosidases from <em>Cicer arietinum\u00a0<\/em>(\u03b2I-Gal y \u03b2V-Gal) and three \u03b2-galactosidases of the a1 subfamily of\u00a0<em>Arabidopsis thaliana\u00a0<\/em>(BGAL1, BGAL3 y BGAL5) and their effects in the structure of the plant cell wall.<br \/>\n(Abstract :\u00a0<a href=\"https:\/\/gredos.usal.es\/jspui\/handle\/10366\/133050\">https:\/\/gredos.usal.es\/jspui\/handle\/10366\/133050<\/a>)<\/p>\n<p>Directors: E. Labrador, I. Mart\u00edn.<\/p>\n<p>Grade: A,\u00a0<em>Cum Laude<\/em>. International Doctor<\/p>\n<p>University of Salamanca.<\/p>\n<h6>Dra. Luc\u00eda Izquierdo Rubio. 2015.<\/h6>\n<p>Functional\u00a0analyses of two \u03b2-galactosidases from\u00a0<em>Cicer arietinum\u00a0<\/em>(\u03b2III-Gal y \u03b2IV-Gal) and three \u03b2-galactosidases of the a1 subfamily of\u00a0<em>Arabidopsis thaliana\u00a0<\/em>(BGAL2, BGAL4 y BGAL12) and their effects in the structure of the plant cell wall.<br \/>\n(Abstract:\u00a0<a href=\"https:\/\/gredos.usal.es\/jspui\/handle\/10366\/132892\">https:\/\/gredos.usal.es\/jspui\/handle\/10366\/132892<\/a> )<\/p>\n<p>Directors: B. Dopico, I. Mart\u00edn.<\/p>\n<p>Grade: A.<\/p>\n<p>University of Salamanca.<\/p>\n<h6>Dra. Luc\u00eda Albornos Llorente. 2015.<\/h6>\n<p>Characterization of the ST family in <em>Medicago <\/em>truncatula, a model for the study of this new class of plant proteins.<br \/>\n(Abstract:\u00a0<a href=\"https:\/\/gredos.usal.es\/jspui\/handle\/10366\/132868\">https:\/\/gredos.usal.es\/jspui\/handle\/10366\/132868<\/a>)<\/p>\n<p>Directors: B. Dopico, I. Mart\u00edn.<\/p>\n<p>Grade: A,\u00a0<em>Cum Laude<\/em>. International Doctor.<\/p>\n<p>University of Salamanca.<\/p>\n<h6>Dr. Jos\u00e9 Ignacio Mart\u00edn S\u00e1nchez. 2008.<\/h6>\n<p>Function of different isoforms of cell wall \u03b2-galactosidases in the development of\u00a0\u00a0<em>Cicer arietinum<\/em>.<\/p>\n<p>Directors: B. Dopico, E. Labrador.<\/p>\n<p>Grade: A,\u00a0<em>Cum Laude<\/em>. European Doctor. Outstanding Doctorate Award.<\/p>\n<p>University of Salamanca.<\/p>\n<h6>Dra. M\u00aa Teresa Jim\u00e9nez Cabaco. 2005.<\/h6>\n<p>Immunolocalization and function of cell wall proteins in the development of\u00a0\u00a0<em>Cicer arietinum<\/em>\u00a0L.<\/p>\n<p>Directors:\u00a0B. Dopico, E. Labrador.<\/p>\n<p>Grade: A,\u00a0<em>Cum Laude<\/em>.<\/p>\n<p>University of Salamanca.<\/p>\n<h6>Dra. Roc\u00edo Esteban Gallego. 2001.<\/h6>\n<p>Characterization of cDNAs encoding cell wall\u00a0\u03b2-galactosidases expressed in\u00a0<em>Cicer arietinum<\/em>\u00a0L epicotyls during growth.<\/p>\n<p>Directors: B. Dopico, E. Labrador.<\/p>\n<p>Grade: A,\u00a0<em>Cum Laude<\/em>.<\/p>\n<p>University of Salamanca.<\/p>\n<h6>Dra. Silvia Romo Caballero. 2000.<\/h6>\n<p>Hydric stress and its effect on the gene expression in\u00a0<em>Cicer arietinum<\/em>\u00a0L.<\/p>\n<p>Directors: B. Dopico, E. Labrador.<\/p>\n<p>Grade: A,\u00a0<em>Cum Laude<\/em>.<\/p>\n<p>University\u00a0of Salamanca.<\/p>\n<h6>Dr. Francisco Jos\u00e9 Mu\u00f1oz P\u00e9rez. 1996.<\/h6>\n<p>Regulation of the gene expression during the process of growth in\u00a0<em>Cicer arietinum<\/em>\u00a0L epicotyls.<\/p>\n<p>Directors: B. Dopico, E. Labrador.<\/p>\n<p>Grade: A,\u00a0<em>Cum Laude<\/em>.<\/p>\n<p>University\u00a0of Salamanca.<\/p>\n<h6>Dra. Pilar Valero Marcos. 1994.<\/h6>\n<p>\u03b2-III galactosidase in the cell walls of <em>Cicer arietinum <\/em>L epicotyls in the processes of autolysis and growth<\/p>\n<p>Director: E. Labrador.<\/p>\n<p>Grade: A,\u00a0<em>Cum Laude<\/em>.<\/p>\n<p>University\u00a0of Salamanca.<\/p>\n<h6>Dra. Berta Dopico Rivela. 1989.<\/h6>\n<p>Characterization of the enzyme responsible for the autolytic process in <em>Cicer arietinum<\/em> L\u00a0epicotyls cell walls. Relationship with growth.<\/p>\n<p>Director: E. Labrador.<\/p>\n<p>Grade: A,\u00a0<em>Cum Laude<\/em>.<\/p>\n<p>University\u00a0of Salamanca.<\/p>\n<p>&nbsp;<\/p>","protected":false},"excerpt":{"rendered":"<p>Dra. Mar\u00eda Moneo S\u00e1nchez. 2016. Functional analyses of two \u03b2-galactosidases from Cicer arietinum\u00a0(\u03b2I-Gal y \u03b2V-Gal) and three \u03b2-galactosidases of the a1 subfamily of\u00a0Arabidopsis thaliana\u00a0(BGAL1, BGAL3 y BGAL5) and their effects in the structure of the plant cell wall. (Abstract :\u00a0https:\/\/gredos.usal.es\/jspui\/handle\/10366\/133050) Directors: E. Labrador, I. Mart\u00edn. Grade: A,\u00a0Cum Laude. International Doctor University of Salamanca. Dra. Luc\u00eda &hellip; <a href=\"https:\/\/cellwall.usal.es\/en\/tesis-doctorales\/\" class=\"more-link\">Continue reading<span class=\"screen-reader-text\"> &#8220;Supervised PhD Thesis&#8221;<\/span><\/a><\/p>\n","protected":false},"author":1,"featured_media":0,"parent":0,"menu_order":0,"comment_status":"closed","ping_status":"closed","template":"","meta":{"footnotes":""},"class_list":["post-118","page","type-page","status-publish","hentry"],"aioseo_notices":[],"_links":{"self":[{"href":"https:\/\/cellwall.usal.es\/en\/wp-json\/wp\/v2\/pages\/118","targetHints":{"allow":["GET"]}}],"collection":[{"href":"https:\/\/cellwall.usal.es\/en\/wp-json\/wp\/v2\/pages"}],"about":[{"href":"https:\/\/cellwall.usal.es\/en\/wp-json\/wp\/v2\/types\/page"}],"author":[{"embeddable":true,"href":"https:\/\/cellwall.usal.es\/en\/wp-json\/wp\/v2\/users\/1"}],"replies":[{"embeddable":true,"href":"https:\/\/cellwall.usal.es\/en\/wp-json\/wp\/v2\/comments?post=118"}],"version-history":[{"count":8,"href":"https:\/\/cellwall.usal.es\/en\/wp-json\/wp\/v2\/pages\/118\/revisions"}],"predecessor-version":[{"id":206,"href":"https:\/\/cellwall.usal.es\/en\/wp-json\/wp\/v2\/pages\/118\/revisions\/206"}],"wp:attachment":[{"href":"https:\/\/cellwall.usal.es\/en\/wp-json\/wp\/v2\/media?parent=118"}],"curies":[{"name":"wp","href":"https:\/\/api.w.org\/{rel}","templated":true}]}}